{"id":4360,"date":"2025-08-01T09:22:11","date_gmt":"2025-08-01T06:22:11","guid":{"rendered":"https:\/\/w-cult.medialuotsidemot2.fi\/tuotteet-ja-palvelut\/"},"modified":"2025-12-12T10:26:37","modified_gmt":"2025-12-12T08:26:37","slug":"produkter-och-tjanster","status":"publish","type":"page","link":"https:\/\/w-cult.fi\/sv\/produkter-och-tjanster\/","title":{"rendered":"Produkter och tj\u00e4nster"},"content":{"rendered":"\r\n\r\n<section class=\"hero site-banner banner-bg-image section-default bottom alignfull image\">\r\n\r\n    <div class=\"site-banner-bg section-bg-image \" >\r\n\r\n        <img loading=\"lazy\" decoding=\"async\" width=\"1024\" height=\"320\" src=\"https:\/\/w-cult.fi\/wp-content\/uploads\/2025\/12\/w-cult-oy-3.jpg\" class=\"attachment-1536\u00d71536 size-1536\u00d71536\" alt=\"\" srcset=\"https:\/\/w-cult.fi\/wp-content\/uploads\/2025\/12\/w-cult-oy-3.jpg 1024w, https:\/\/w-cult.fi\/wp-content\/uploads\/2025\/12\/w-cult-oy-3-300x94.jpg 300w, https:\/\/w-cult.fi\/wp-content\/uploads\/2025\/12\/w-cult-oy-3-768x240.jpg 768w\" sizes=\"auto, (max-width: 1024px) 100vw, 1024px\" \/>\r\n        \r\n            <div class=\"site-banner-content container\">\r\n                <div class=\"row w-100\">\r\n                    <div class=\"col-md-12\">\r\n\r\n                        <h1 class=\"hero-title\">Produkter och tj\u00e4nster<\/h1><div class=\"inner-content\">\r\n                            <div class=\"acf-innerblocks-container\"><\/div>\r\n                        <\/div>                    <\/div>\r\n                <\/div>\r\n            <\/div>\r\n        \r\n        <\/div><\/section>\n\n\n<div class=\"wp-block-group\"><div class=\"wp-block-group__inner-container is-layout-constrained wp-block-group-is-layout-constrained\">\n<p><strong>W-Cutter ogr\u00e4ssk\u00e4raren<\/strong> har utvecklats f\u00f6r att sk\u00e4ra bort ogr\u00e4s fr\u00e5n toppen av odlade gr\u00f6dor. Klipparen kan anv\u00e4ndas n\u00e4r ogr\u00e4set \u00e4r h\u00f6gre \u00e4n gr\u00f6dan. Innan utvecklingen av stj\u00e4lken p\u00e5 den anv\u00e4ndbara gr\u00f6dan kan ogr\u00e4s ocks\u00e5 klippas av fr\u00e5n gr\u00f6dan eftersom de k\u00e4nsliga taggarna b\u00f6jer sig och undviker kedjan. De b\u00e4sta bek\u00e4mpningsresultaten uppn\u00e5s vanligen genom flera klippningar i olika skeden av v\u00e4xts\u00e4songen.<\/p>\n\n\n\n<p>W-Cutter l\u00e4mpar sig ocks\u00e5 f\u00f6r krossning av ogr\u00e4s och f\u00f6r reng\u00f6ring av sm\u00e5 tr\u00e4d och gr\u00f6nomr\u00e5den. Kniven kan ocks\u00e5 anv\u00e4ndas f\u00f6r att begr\u00e4nsa \u00f6verdriven stj\u00e4lktillv\u00e4xt av bondb\u00f6nor, f\u00f6r att ta bort invasiva arter med l\u00e4ngre stj\u00e4lkar fr\u00e5n gr\u00f6dan och f\u00f6r att klippa 1-2 \u00e5r gammal vattenramp fr\u00e5n \u00e5ker- och v\u00e4gkanter. Sl\u00e5tter av tr\u00e4dkronor underl\u00e4ttar ocks\u00e5 uppt\u00e4ckten och utrotningen av stuntgr\u00e4s.<\/p>\n\n\n\n<p>Sl\u00e5tter av tr\u00e4dkronorna minskar v\u00e4sentligt fr\u00f6bildningen och v\u00e4xtmassan hos de flesta fr\u00f6b\u00e4rande ogr\u00e4s (inklusive tistel, valmat, mossa, \u00e5kerr\u00e5g, bj\u00f6rnb\u00e4r och kvickrot). Klippning kompletterar andra mekaniska metoder f\u00f6r ogr\u00e4sbek\u00e4mpning och fyller luckor i den kemiska bek\u00e4mpningen, s\u00e4rskilt mot slutet av v\u00e4xts\u00e4songen n\u00e4r andra metoder inte l\u00e4ngre \u00e4r tillg\u00e4ngliga.<\/p>\n\n\n\n<p><strong>W-Cutter klippaggregat<\/strong> drivs av en direkt elektrisk motor. De h\u00f6gkvalitativa industrimotorerna (VEM) skyddas av automatiska termiska rel\u00e4er. Varje enhet har tv\u00e5 sk\u00e4rkedjor, eller alternativt tunna knivblad. Sk\u00e4renheterna kan kopplas p\u00e5\/av i tre olika block. Klippaggregaten drivs av en generator som \u00e4r monterad p\u00e5 traktorns bakre l\u00e4nk.<\/p>\n\n\n\n<div class=\"wp-block-buttons is-layout-flex wp-block-buttons-is-layout-flex\">\n<div class=\"wp-block-button\"><a class=\"wp-block-button__link wp-element-button\" href=\"https:\/\/w-cult.fi\/sv\/kontakt\/\">Kontakta oss<\/a><\/div>\n<\/div>\n<\/div><\/div>\n\n\n<div class=\"image-and-text wp-block has-media-on-the-left\">\r\n<div class=\"row\">\r\n    <div class=\"col-12 col-md-6 image-col\">\r\n\r\n        <img loading=\"lazy\" decoding=\"async\" width=\"800\" height=\"534\" src=\"https:\/\/w-cult.fi\/wp-content\/uploads\/2025\/12\/w-cult-oy-12-1024x683.jpg\" class=\"attachment-large size-large\" alt=\"\" srcset=\"https:\/\/w-cult.fi\/wp-content\/uploads\/2025\/12\/w-cult-oy-12-1024x683.jpg 1024w, https:\/\/w-cult.fi\/wp-content\/uploads\/2025\/12\/w-cult-oy-12-300x200.jpg 300w, https:\/\/w-cult.fi\/wp-content\/uploads\/2025\/12\/w-cult-oy-12-768x512.jpg 768w, https:\/\/w-cult.fi\/wp-content\/uploads\/2025\/12\/w-cult-oy-12-1536x1024.jpg 1536w, https:\/\/w-cult.fi\/wp-content\/uploads\/2025\/12\/w-cult-oy-12.jpg 2048w\" sizes=\"auto, (max-width: 800px) 100vw, 800px\" \/>    <\/div>\r\n\r\n    <div class=\"col-12 col-md-6 text-col\"><div class=\"acf-innerblocks-container\">\n\n<h2 class=\"wp-block-heading has-brown-color has-text-color has-link-color wp-elements-e7d9250a275d30bf86070e3d7f587bd5\">W-Cutter 750\/950<\/h2>\n\n\n\n<ul class=\"wp-block-list\">\n<li>Montering p\u00e5 en jordbrukstraktors frontlastare eller frontl\u00e4nk.<\/li>\n\n\n\n<li>Arbetsbredd 7,5\/9,5 m (f\u00e4llbara redskap), transportbredd 2,6 m.<\/li>\n\n\n\n<li>Antal klippaggregat 13\/17<\/li>\n\n\n\n<li>Generator min 35 \/ 45 kVa<\/li>\n\n\n\n<li>vikt ca 570\/650 kg<\/li>\n\n\n\n<li>klippbom i 3 delar; kan anv\u00e4ndas p\u00e5 andra sidan<\/li>\n\n\n\n<li>Hydraulisk justering av bommen och stabilisator<\/li>\n\n\n\n<li>st\u00f6daxlar\/hjul (tillval)<\/li>\n<\/ul>\n\n<\/div>\r\n<\/div>\r\n<\/div>\r\n<\/div>\n\n<div class=\"image-and-text wp-block has-media-on-the-right\">\r\n<div class=\"row\">\r\n    <div class=\"col-12 col-md-6 image-col\">\r\n\r\n        <img loading=\"lazy\" decoding=\"async\" width=\"800\" height=\"600\" src=\"https:\/\/w-cult.fi\/wp-content\/uploads\/2025\/12\/w-cult-oy-8-1024x768.jpg\" class=\"attachment-large size-large\" alt=\"\" srcset=\"https:\/\/w-cult.fi\/wp-content\/uploads\/2025\/12\/w-cult-oy-8-1024x768.jpg 1024w, https:\/\/w-cult.fi\/wp-content\/uploads\/2025\/12\/w-cult-oy-8-300x225.jpg 300w, https:\/\/w-cult.fi\/wp-content\/uploads\/2025\/12\/w-cult-oy-8-768x576.jpg 768w, https:\/\/w-cult.fi\/wp-content\/uploads\/2025\/12\/w-cult-oy-8-1536x1152.jpg 1536w, https:\/\/w-cult.fi\/wp-content\/uploads\/2025\/12\/w-cult-oy-8-2048x1536.jpg 2048w\" sizes=\"auto, (max-width: 800px) 100vw, 800px\" \/>    <\/div>\r\n\r\n    <div class=\"col-12 col-md-6 text-col\"><div class=\"acf-innerblocks-container\">\n\n<h2 class=\"wp-block-heading has-brown-color has-text-color has-link-color wp-elements-20355ed91cd9e8ef613db27a8b79f5e9\">W-Cutter 1200<\/h2>\n\n\n\n<ul class=\"wp-block-list\">\n<li>fasts\u00e4ttning p\u00e5 jordbrukstraktor med frontlastare<\/li>\n\n\n\n<li>arbetsbredd 12,0 m, transportbredd 3,0 m<\/li>\n\n\n\n<li>Antal klippaggregat 19<\/li>\n\n\n\n<li>Generator min 45 kVa<\/li>\n\n\n\n<li>vikt ca 750 kg<\/li>\n\n\n\n<li>klippbom i 5 delar; kan anv\u00e4ndas p\u00e5 andra sidan<\/li>\n\n\n\n<li>hydraulisk bomanpassning och stabilisator<\/li>\n\n\n\n<li>st\u00f6daxlar\/hjul (tillval)<\/li>\n<\/ul>\n\n\n\n<h3 class=\"wp-block-heading has-brown-color has-text-color has-link-color wp-elements-e3f38cf8581257edfa483b770f0566ad\">Vi s\u00e4ljer \u00e4ven Agrowatt traktorgeneratorer som prisv\u00e4rda paketerbjudanden!<\/h3>\n\n<\/div>\r\n<\/div>\r\n<\/div>\r\n<\/div>","protected":false},"excerpt":{"rendered":"<p>W-Cutter ogr\u00e4ssk\u00e4raren har utvecklats f\u00f6r att sk\u00e4ra bort ogr\u00e4s fr\u00e5n toppen av odlade gr\u00f6dor. Klipparen kan anv\u00e4ndas n\u00e4r ogr\u00e4set \u00e4r h\u00f6gre \u00e4n gr\u00f6dan. Innan utvecklingen av stj\u00e4lken p\u00e5 den anv\u00e4ndbara gr\u00f6dan kan ogr\u00e4s ocks\u00e5 klippas av fr\u00e5n gr\u00f6dan eftersom de k\u00e4nsliga taggarna b\u00f6jer sig och undviker kedjan. De b\u00e4sta bek\u00e4mpningsresultaten uppn\u00e5s vanligen genom flera klippningar [&hellip;]<\/p>\n","protected":false},"author":1,"featured_media":0,"parent":0,"menu_order":2,"comment_status":"closed","ping_status":"closed","template":"","meta":{"_acf_changed":false,"footnotes":""},"class_list":["post-4360","page","type-page","status-publish","hentry"],"acf":[],"aioseo_notices":[],"_links":{"self":[{"href":"https:\/\/w-cult.fi\/sv\/wp-json\/wp\/v2\/pages\/4360","targetHints":{"allow":["GET"]}}],"collection":[{"href":"https:\/\/w-cult.fi\/sv\/wp-json\/wp\/v2\/pages"}],"about":[{"href":"https:\/\/w-cult.fi\/sv\/wp-json\/wp\/v2\/types\/page"}],"author":[{"embeddable":true,"href":"https:\/\/w-cult.fi\/sv\/wp-json\/wp\/v2\/users\/1"}],"replies":[{"embeddable":true,"href":"https:\/\/w-cult.fi\/sv\/wp-json\/wp\/v2\/comments?post=4360"}],"version-history":[{"count":0,"href":"https:\/\/w-cult.fi\/sv\/wp-json\/wp\/v2\/pages\/4360\/revisions"}],"wp:attachment":[{"href":"https:\/\/w-cult.fi\/sv\/wp-json\/wp\/v2\/media?parent=4360"}],"curies":[{"name":"wp","href":"https:\/\/api.w.org\/{rel}","templated":true}]}}