{"id":4354,"date":"2025-08-01T16:08:05","date_gmt":"2025-08-01T13:08:05","guid":{"rendered":"https:\/\/w-cult.medialuotsidemot2.fi\/kiitos-viestistasi\/"},"modified":"2025-12-11T12:08:43","modified_gmt":"2025-12-11T10:08:43","slug":"tack-for-ditt-meddelande","status":"publish","type":"page","link":"https:\/\/w-cult.fi\/sv\/tack-for-ditt-meddelande\/","title":{"rendered":"Tack f\u00f6r ditt meddelande"},"content":{"rendered":"\n<p>Tack f\u00f6r ditt meddelande! Vi kontaktar dig s\u00e5 snart som m\u00f6jligt!<\/p>\n","protected":false},"excerpt":{"rendered":"<p>Tack f\u00f6r ditt meddelande! Vi kontaktar dig s\u00e5 snart som m\u00f6jligt!<\/p>\n","protected":false},"author":1,"featured_media":0,"parent":0,"menu_order":999,"comment_status":"closed","ping_status":"closed","template":"","meta":{"_acf_changed":false,"footnotes":""},"class_list":["post-4354","page","type-page","status-publish","hentry"],"acf":[],"aioseo_notices":[],"_links":{"self":[{"href":"https:\/\/w-cult.fi\/sv\/wp-json\/wp\/v2\/pages\/4354","targetHints":{"allow":["GET"]}}],"collection":[{"href":"https:\/\/w-cult.fi\/sv\/wp-json\/wp\/v2\/pages"}],"about":[{"href":"https:\/\/w-cult.fi\/sv\/wp-json\/wp\/v2\/types\/page"}],"author":[{"embeddable":true,"href":"https:\/\/w-cult.fi\/sv\/wp-json\/wp\/v2\/users\/1"}],"replies":[{"embeddable":true,"href":"https:\/\/w-cult.fi\/sv\/wp-json\/wp\/v2\/comments?post=4354"}],"version-history":[{"count":0,"href":"https:\/\/w-cult.fi\/sv\/wp-json\/wp\/v2\/pages\/4354\/revisions"}],"wp:attachment":[{"href":"https:\/\/w-cult.fi\/sv\/wp-json\/wp\/v2\/media?parent=4354"}],"curies":[{"name":"wp","href":"https:\/\/api.w.org\/{rel}","templated":true}]}}