{"id":4330,"date":"2025-08-01T14:42:32","date_gmt":"2025-08-01T11:42:32","guid":{"rendered":"https:\/\/w-cult.medialuotsidemot2.fi\/etusivu\/"},"modified":"2025-12-11T13:10:31","modified_gmt":"2025-12-11T11:10:31","slug":"startside","status":"publish","type":"page","link":"https:\/\/w-cult.fi\/sv\/","title":{"rendered":"Startside"},"content":{"rendered":"\r\n\r\n<section class=\"hero site-banner banner-bg-image section-default bottom alignfull image\">\r\n\r\n    <div class=\"site-banner-bg section-bg-image \" >\r\n\r\n        <img loading=\"lazy\" decoding=\"async\" width=\"2048\" height=\"1152\" src=\"https:\/\/w-cult.fi\/wp-content\/uploads\/2025\/12\/w-cult-oy-17.jpg\" class=\"attachment-1536\u00d71536 size-1536\u00d71536\" alt=\"\" srcset=\"https:\/\/w-cult.fi\/wp-content\/uploads\/2025\/12\/w-cult-oy-17.jpg 2048w, https:\/\/w-cult.fi\/wp-content\/uploads\/2025\/12\/w-cult-oy-17-300x169.jpg 300w, https:\/\/w-cult.fi\/wp-content\/uploads\/2025\/12\/w-cult-oy-17-1024x576.jpg 1024w, https:\/\/w-cult.fi\/wp-content\/uploads\/2025\/12\/w-cult-oy-17-768x432.jpg 768w, https:\/\/w-cult.fi\/wp-content\/uploads\/2025\/12\/w-cult-oy-17-1536x864.jpg 1536w\" sizes=\"auto, (max-width: 2048px) 100vw, 2048px\" \/>\r\n        \r\n            <div class=\"site-banner-content container\">\r\n                <div class=\"row w-100\">\r\n                    <div class=\"col-md-12\">\r\n\r\n                        <h1 class=\"hero-title\">Med W-Cutter f\u00e5r du renare gr\u00f6dor utan bek\u00e4mpningsmedel.<\/h1><div class=\"inner-content\">\r\n                            <div class=\"acf-innerblocks-container\">\n\n<p><\/p>\n\n<\/div>\r\n                        <\/div>                    <\/div>\r\n                <\/div>\r\n            <\/div>\r\n        \r\n        <\/div><\/section>\n\n\n<div class=\"wp-block-columns is-style-narrow is-layout-flex wp-container-core-columns-is-layout-9d6595d7 wp-block-columns-is-layout-flex\">\n<div class=\"wp-block-column is-layout-flow wp-block-column-is-layout-flow\">\n<p class=\"has-text-align-center\">W-Cult Oy \u00e4r ett f\u00f6retag grundat 2015 som tillverkar och s\u00e4ljer utrustning och tj\u00e4nster som utvecklats f\u00f6r mekanisk ogr\u00e4sbek\u00e4mpning.<\/p>\n\n\n\n<p class=\"has-text-align-center\">W-Cult Oy har sitt s\u00e4te i <a href=\"https:\/\/www.google.fi\/maps\/place\/Kirkkotie+30,+29100+Luvia\/@61.3575759,21.6289062,17z\/data=!3m1!4b1!4m2!3m1!1s0x4689765e88109745:0x3bc1f7bbb6b52e1a\" target=\"_blank\" rel=\"noopener\" title=\"\">Eurajoki<\/a> i Finland. Driften av en g\u00e5rd ger en ram f\u00f6r att testa marknadsm\u00e4ssiga arbetsmetoder i varierande driftsf\u00f6rh\u00e5llanden.<\/p>\n\n\n\n<div class=\"wp-block-buttons is-content-justification-center is-layout-flex wp-container-core-buttons-is-layout-16018d1d wp-block-buttons-is-layout-flex\">\n<div class=\"wp-block-button\"><a class=\"wp-block-button__link wp-element-button\" href=\"https:\/\/w-cult.fi\/sv\/kontakt\/\">Kontakta oss<\/a><\/div>\n<\/div>\n<\/div>\n<\/div>\n\n\n\n<div class=\"wp-block-group alignfull has-background\" style=\"background-color:#e0ab383b\"><div class=\"wp-block-group__inner-container is-layout-constrained wp-block-group-is-layout-constrained\">\n<div class=\"wp-block-columns are-vertically-aligned-center is-layout-flex wp-container-core-columns-is-layout-9d6595d7 wp-block-columns-is-layout-flex\">\n<div class=\"wp-block-column is-vertically-aligned-center is-layout-flow wp-block-column-is-layout-flow\">\n<h2 class=\"wp-block-heading has-brown-color has-text-color has-link-color wp-elements-2ee96dcf63855215b16c8896e1787070\">Plats f\u00f6r att odla v\u00e4xter som f\u00e5r regnvatten!<\/h2>\n\n\n\n<p><strong>Med W-Cutter kan du kontrollera dina problemomr\u00e5den:<\/strong><\/p>\n\n\n\n<ul class=\"wp-block-list\">\n<li>Ekologiskt, integrerat jordbruk, specialgr\u00f6dor<\/li>\n\n\n\n<li>Fler sk\u00f6rde\u00e5r i v\u00e4xtf\u00f6ljden.<\/li>\n\n\n\n<li>Minskade sk\u00f6rdef\u00f6rluster, h\u00f6gre avkastning, h\u00f6gre avkastning i sk\u00f6rdade gr\u00f6dor.<\/li>\n\n\n\n<li>\u201cRenare\u201d f\u00e4ltlandskap<\/li>\n<\/ul>\n\n\n\n<p>Patent nr FI 127225 B<\/p>\n<\/div>\n\n\n\n<div class=\"wp-block-column is-vertically-aligned-center is-layout-flow wp-block-column-is-layout-flow\">\n<figure class=\"wp-block-embed is-type-video is-provider-youtube wp-block-embed-youtube wp-embed-aspect-16-9 wp-has-aspect-ratio\"><div class=\"wp-block-embed__wrapper\">\n<div class=\"ratio ratio-16x9\"><iframe loading=\"lazy\" title=\"Rikkakasvien latvusniitto pellavapellossa\" width=\"800\" height=\"450\" src=\"https:\/\/www.youtube.com\/embed\/5EYD97UPMbI?feature=oembed\" frameborder=\"0\" allow=\"accelerometer; autoplay; clipboard-write; encrypted-media; gyroscope; picture-in-picture; web-share\" referrerpolicy=\"strict-origin-when-cross-origin\" allowfullscreen><\/iframe><\/div>\n<\/div><\/figure>\n<\/div>\n<\/div>\n<\/div><\/div>\n\n\n\n<div class=\"wp-block-cover alignfull is-light has-parallax is-style-default\"><div class=\"wp-block-cover__image-background wp-image-4235 size-full has-parallax\" style=\"background-position:50% 50%;background-image:url(https:\/\/w-cult.fi\/wp-content\/uploads\/2025\/12\/w-cult-oy-14.jpg)\"><\/div><span aria-hidden=\"true\" class=\"wp-block-cover__background has-yellow-background-color has-background-dim-80 has-background-dim\"><\/span><div class=\"wp-block-cover__inner-container is-layout-flow wp-block-cover-is-layout-flow\"><div class=\"image-and-text wp-block has-media-on-the-left\">\r\n<div class=\"row\">\r\n    <div class=\"col-12 col-md-6 image-col\">\r\n\r\n        <img loading=\"lazy\" decoding=\"async\" width=\"800\" height=\"250\" src=\"https:\/\/w-cult.fi\/wp-content\/uploads\/2025\/12\/w-cult-oy-3.jpg\" class=\"attachment-large size-large\" alt=\"\" srcset=\"https:\/\/w-cult.fi\/wp-content\/uploads\/2025\/12\/w-cult-oy-3.jpg 1024w, https:\/\/w-cult.fi\/wp-content\/uploads\/2025\/12\/w-cult-oy-3-300x94.jpg 300w, https:\/\/w-cult.fi\/wp-content\/uploads\/2025\/12\/w-cult-oy-3-768x240.jpg 768w\" sizes=\"auto, (max-width: 800px) 100vw, 800px\" \/>    <\/div>\r\n\r\n    <div class=\"col-12 col-md-6 text-col has-background has-white-background-color\"><div class=\"acf-innerblocks-container\">\n\n<h2 class=\"wp-block-heading has-brown-color has-text-color has-link-color wp-elements-6214ee865f455bd9ae607384481a0164\">Produkter och tj\u00e4nster<\/h2>\n\n\n\n<p class=\"has-black-color has-text-color has-link-color wp-elements-29a00bad22231088917882a15904da22\">W-Cutter ogr\u00e4ssk\u00e4raren har utvecklats f\u00f6r att sk\u00e4ra bort ogr\u00e4s fr\u00e5n toppen av odlade gr\u00f6dor. Klipparen kan anv\u00e4ndas n\u00e4r ogr\u00e4set \u00e4r h\u00f6gre \u00e4n gr\u00f6dan.<\/p>\n\n\n\n<p class=\"has-black-color has-text-color has-link-color wp-elements-9e37aaa6496e8c9c4308e19bd26b9671\"><strong>Vi s\u00e4ljer \u00e4ven Agrowatt traktorgeneratorer som prisv\u00e4rda paketerbjudanden!<\/strong><\/p>\n\n\n\n<div class=\"wp-block-buttons is-layout-flex wp-block-buttons-is-layout-flex\">\n<div class=\"wp-block-button\"><a class=\"wp-block-button__link wp-element-button\" href=\"https:\/\/w-cult.fi\/sv\/produkter-och-tjanster\/\">L\u00e4s mer<\/a><\/div>\n<\/div>\n\n<\/div>\r\n<\/div>\r\n<\/div>\r\n<\/div>\n\n<div class=\"image-and-text wp-block has-media-on-the-right\">\r\n<div class=\"row\">\r\n    <div class=\"col-12 col-md-6 image-col\">\r\n\r\n        <img loading=\"lazy\" decoding=\"async\" width=\"800\" height=\"360\" src=\"https:\/\/w-cult.fi\/wp-content\/uploads\/2025\/12\/w-cult-oy-6.jpg\" class=\"attachment-large size-large\" alt=\"\" srcset=\"https:\/\/w-cult.fi\/wp-content\/uploads\/2025\/12\/w-cult-oy-6.jpg 1000w, https:\/\/w-cult.fi\/wp-content\/uploads\/2025\/12\/w-cult-oy-6-300x135.jpg 300w, https:\/\/w-cult.fi\/wp-content\/uploads\/2025\/12\/w-cult-oy-6-768x346.jpg 768w\" sizes=\"auto, (max-width: 800px) 100vw, 800px\" \/>    <\/div>\r\n\r\n    <div class=\"col-12 col-md-6 text-col has-background has-white-background-color\"><div class=\"acf-innerblocks-container\">\n\n<h2 class=\"wp-block-heading has-brown-color has-text-color has-link-color wp-elements-53319f9d05234ec58882dc013fe8979b\">Kontakta oss<\/h2>\n\n\n\n<p class=\"has-black-color has-text-color has-link-color wp-elements-60492447f2595c6ef0ce92ccdc1fba03\">Kontakta oss och fr\u00e5ga mer om v\u00e5ra produkter.<\/p>\n\n\n\n<div class=\"wp-block-buttons is-layout-flex wp-block-buttons-is-layout-flex\">\n<div class=\"wp-block-button\"><a class=\"wp-block-button__link wp-element-button\" href=\"https:\/\/w-cult.fi\/sv\/kontakt\/\">Kontakta oss<\/a><\/div>\n<\/div>\n\n<\/div>\r\n<\/div>\r\n<\/div>\r\n<\/div>\n\n<div class=\"image-and-text wp-block has-media-on-the-left\">\r\n<div class=\"row\">\r\n    <div class=\"col-12 col-md-6 image-col\">\r\n\r\n        <img loading=\"lazy\" decoding=\"async\" width=\"800\" height=\"600\" src=\"https:\/\/w-cult.fi\/wp-content\/uploads\/2025\/12\/w-cult-oy-7.jpg\" class=\"attachment-large size-large\" alt=\"\" srcset=\"https:\/\/w-cult.fi\/wp-content\/uploads\/2025\/12\/w-cult-oy-7.jpg 1024w, https:\/\/w-cult.fi\/wp-content\/uploads\/2025\/12\/w-cult-oy-7-300x225.jpg 300w, https:\/\/w-cult.fi\/wp-content\/uploads\/2025\/12\/w-cult-oy-7-768x576.jpg 768w\" sizes=\"auto, (max-width: 800px) 100vw, 800px\" \/>    <\/div>\r\n\r\n    <div class=\"col-12 col-md-6 text-col has-background has-white-background-color\"><div class=\"acf-innerblocks-container\">\n\n<h2 class=\"wp-block-heading has-brown-color has-text-color has-link-color wp-elements-93292c7b983bc0974ba98fba2c58a8ea\">F\u00f6lj oss p\u00e5 sociala medier!<\/h2>\n\n\n\n<iframe loading=\"lazy\" src=\"https:\/\/www.facebook.com\/plugins\/page.php?href=https%3A%2F%2Fwww.facebook.com%2F612108045557743%3Fref%3Dembed_page&#038;tabs=timeline&#038;width=300&#038;height=350&#038;small_header=true&#038;adapt_container_width=true&#038;hide_cover=false&#038;show_facepile=false&#038;appId\" width=\"300\" height=\"350\" style=\"border:none;overflow:hidden\" scrolling=\"no\" frameborder=\"0\" allowfullscreen=\"true\" allow=\"autoplay; clipboard-write; encrypted-media; picture-in-picture; web-share\"><\/iframe>\n\n\n\n<div class=\"wp-block-buttons is-layout-flex wp-block-buttons-is-layout-flex\">\n<div class=\"wp-block-button\"><a class=\"wp-block-button__link wp-element-button\" href=\"https:\/\/www.facebook.com\/612108045557743?ref=embed_page\" target=\"_blank\" rel=\"noreferrer noopener\">Facebook<\/a><\/div>\n<\/div>\n\n<\/div>\r\n<\/div>\r\n<\/div>\r\n<\/div><\/div><\/div>\n","protected":false},"excerpt":{"rendered":"<p>W-Cult Oy \u00e4r ett f\u00f6retag grundat 2015 som tillverkar och s\u00e4ljer utrustning och tj\u00e4nster som utvecklats f\u00f6r mekanisk ogr\u00e4sbek\u00e4mpning. W-Cult Oy har sitt s\u00e4te i Eurajoki i Finland. Driften av en g\u00e5rd ger en ram f\u00f6r att testa marknadsm\u00e4ssiga arbetsmetoder i varierande driftsf\u00f6rh\u00e5llanden. Plats f\u00f6r att odla v\u00e4xter som f\u00e5r regnvatten! Med W-Cutter kan du [&hellip;]<\/p>\n","protected":false},"author":1,"featured_media":0,"parent":0,"menu_order":1,"comment_status":"closed","ping_status":"closed","template":"","meta":{"_acf_changed":false,"footnotes":""},"class_list":["post-4330","page","type-page","status-publish","hentry"],"acf":[],"aioseo_notices":[],"_links":{"self":[{"href":"https:\/\/w-cult.fi\/sv\/wp-json\/wp\/v2\/pages\/4330","targetHints":{"allow":["GET"]}}],"collection":[{"href":"https:\/\/w-cult.fi\/sv\/wp-json\/wp\/v2\/pages"}],"about":[{"href":"https:\/\/w-cult.fi\/sv\/wp-json\/wp\/v2\/types\/page"}],"author":[{"embeddable":true,"href":"https:\/\/w-cult.fi\/sv\/wp-json\/wp\/v2\/users\/1"}],"replies":[{"embeddable":true,"href":"https:\/\/w-cult.fi\/sv\/wp-json\/wp\/v2\/comments?post=4330"}],"version-history":[{"count":0,"href":"https:\/\/w-cult.fi\/sv\/wp-json\/wp\/v2\/pages\/4330\/revisions"}],"wp:attachment":[{"href":"https:\/\/w-cult.fi\/sv\/wp-json\/wp\/v2\/media?parent=4330"}],"curies":[{"name":"wp","href":"https:\/\/api.w.org\/{rel}","templated":true}]}}